{"id":1691,"date":"2022-04-29T11:24:43","date_gmt":"2022-04-29T11:24:43","guid":{"rendered":"https:\/\/www.feuerwerkeverlag.de\/vorableser\/?post_type=product&#038;p=1691"},"modified":"2022-08-17T08:15:57","modified_gmt":"2022-08-17T08:15:57","slug":"zerstoert-vampire-awakenings-8","status":"publish","type":"product","link":"https:\/\/www.feuerwerkeverlag.de\/vorableser\/produkt\/zerstoert-vampire-awakenings-8\/","title":{"rendered":"Zerst\u00f6rt (Vampire Awakenings 8)"},"content":{"rendered":"<p><strong>\ud83d\udcd6 Kurzinhalt:<br \/>\n<\/strong>Ist sie seine Zukunft? Oder nur ein weiteres Hindernis auf seinem Weg in die Freiheit?<\/p>\n<p>Mollie erwacht, gefangen in einem K\u00e4fig, ohne auch nur zu ahnen, wie sie und ihre Schwester Aida dort gelandet sind. Doch sie sind nicht allein in diesem Alptraum. Mollie schw\u00f6rt, alles zu tun, um Aida zu retten, nachdem ihre Peiniger sie ihr entrissen haben. Daf\u00fcr muss sie herausfinden, wie sie fliehen kann.<\/p>\n<p>Nach einem unerwarteten Angriff sind auch Mike und seine Freunde in die Gefangenschaft der Wilden geraten. Der Weg in die Freiheit scheint versperrt, bis Mike erstaunt feststellt, dass ausgerechnet die menschliche Frau im K\u00e4fig neben ihm der Schl\u00fcssel zu seiner Rettung ist.<\/p>\n<p>Als Mike und Mollie endlich die Flucht gelingt, m\u00fcssen sie schmerzhaft erfahren, dass das Leben drau\u00dfen noch t\u00f6dlicher und grausamer geworden ist, als sie bef\u00fcrchtet hatten.<\/p>\n<p>Werden sie lange genug \u00fcberleben, um zu verstehen, wie stark die Anziehungskraft zwischen ihnen ist? Oder werden die Schrecken der Gegenwart sie zerst\u00f6ren?<\/p>\n<p><strong>\u23f0 Timing\/Deadline:<\/strong><strong><br \/>\n<\/strong><\/p>\n<p>Bitte ver\u00f6ffentlicht eure Rezension&#8230;<\/p>\n<ul>\n<li>zuerst als Bewertung hier im Vorableser-Club (sobald ihr das Buch beendet habt)<\/li>\n<li>anschlie\u00dfend in Communities, Social Media und auf Verkaufsplattformen (z.B. Amazon)\n<ul>\n<li>fr\u00fchestens am V\u00d6-Tag (24.05.2022)<\/li>\n<li>sp\u00e4testens eine Woche nach V\u00d6 (31.05.2022)<\/li>\n<\/ul>\n<\/li>\n<\/ul>\n<p><!-- <strong>\ud83d\udcf8 Futter f\u00fcr eure Social Media Kan\u00e4le<\/strong>\nIn unserer Bildergalerie (siehe oben) haben wir verschiedene Promo-Grafiken (z.B. Schnipsel) bereitgestellt, die ihr gern auf euren Blogs und Social Media Kan\u00e4len teilen\/nutzen d\u00fcrft. Bedient euch! --><\/p>\n<p><strong>\ud83d\udcf8 Futter f\u00fcr eure Social Media Kan\u00e4le<\/strong><br \/>\nIn unserer Bildergalerie (siehe oben) haben wir verschiedene Promo-Grafiken bereitgestellt, die ihr gern auf euren Blogs und Social Media Kan\u00e4len teilen\/nutzen d\u00fcrft. Bedient euch!<\/p>\n<p><strong>\ud83d\udcac Tauscht euch mit der Autorin aus!<br \/>\n<\/strong><a href=\"https:\/\/www.facebook.com\/groups\/VorableserclubFWV\">In unserer Facebook-Gruppe<\/a>\u00a0k\u00f6nnt ihr euch mit anderen VorableserInnen \u00fcber Handlung und Hintergr\u00fcnde austauschen.<\/p>\n<p>Die Teilnahme am Austausch in der Gruppe ist nat\u00fcrlich freiwillig, aber wir freuen uns, wenn ihr dabei seid! <em>Noch kein Mitglied der Facebook-Gruppe?<\/em> <a href=\"https:\/\/www.facebook.com\/groups\/VorableserclubFWV\">Jetzt beitreten!<\/a><\/p>\n","protected":false},"excerpt":{"rendered":"<p><b><i>Der neue Band der US-Bestsellerserie von Brenda K. Davies.<\/i><\/b><\/p>\n<p><strong><span style=\"color: #ff6600;\"><em>Diese Vorablese-Aktion ist bereits beendet. Der Download des eBooks steht nicht mehr zur Verf\u00fcgung. Wenn du dich f\u00fcr den Titel interessierst, <a href=\"https:\/\/www.amazon.de\/Zerst%C3%B6rt-Vampire-Awakenings-Brenda-Davies-ebook\/dp\/B09ZBJK8G1\">findest du ihn bei Amazon<\/a>.<\/em><\/span><\/strong><\/p>\n","protected":false},"featured_media":1697,"comment_status":"open","ping_status":"closed","template":"","meta":[],"product_cat":[21],"product_tag":[],"_links":{"self":[{"href":"https:\/\/www.feuerwerkeverlag.de\/vorableser\/wp-json\/wp\/v2\/product\/1691"}],"collection":[{"href":"https:\/\/www.feuerwerkeverlag.de\/vorableser\/wp-json\/wp\/v2\/product"}],"about":[{"href":"https:\/\/www.feuerwerkeverlag.de\/vorableser\/wp-json\/wp\/v2\/types\/product"}],"replies":[{"embeddable":true,"href":"https:\/\/www.feuerwerkeverlag.de\/vorableser\/wp-json\/wp\/v2\/comments?post=1691"}],"wp:featuredmedia":[{"embeddable":true,"href":"https:\/\/www.feuerwerkeverlag.de\/vorableser\/wp-json\/wp\/v2\/media\/1697"}],"wp:attachment":[{"href":"https:\/\/www.feuerwerkeverlag.de\/vorableser\/wp-json\/wp\/v2\/media?parent=1691"}],"wp:term":[{"taxonomy":"product_cat","embeddable":true,"href":"https:\/\/www.feuerwerkeverlag.de\/vorableser\/wp-json\/wp\/v2\/product_cat?post=1691"},{"taxonomy":"product_tag","embeddable":true,"href":"https:\/\/www.feuerwerkeverlag.de\/vorableser\/wp-json\/wp\/v2\/product_tag?post=1691"}],"curies":[{"name":"wp","href":"https:\/\/api.w.org\/{rel}","templated":true}]}}