{"id":1560,"date":"2022-04-07T07:03:25","date_gmt":"2022-04-07T07:03:25","guid":{"rendered":"https:\/\/www.feuerwerkeverlag.de\/vorableser\/?post_type=product&#038;p=1560"},"modified":"2022-08-17T08:16:03","modified_gmt":"2022-08-17T08:16:03","slug":"riechst-du-ihre-angst","status":"publish","type":"product","link":"https:\/\/www.feuerwerkeverlag.de\/vorableser\/produkt\/riechst-du-ihre-angst\/","title":{"rendered":"Riechst du ihre Angst?"},"content":{"rendered":"<p><strong>\ud83d\udcd6 Kurzinhalt:<br \/>\n<\/strong>Es wird gerade Fr\u00fchling, als ein Anruf das Kripo-Team rund um Marc Wittmann j\u00e4h aus dem Winterschlaf rei\u00dft: In einem kleinen Dorf wurde eine bizarr zur Schau gestellte Leiche entdeckt. Das Mordopfer ist eine junge Frau, deren K\u00f6rper mit unz\u00e4hligen Schnitten verunstaltet wurde. In ihren H\u00e4nden h\u00e4lt sie als kleines\u00a0<span class=\"a-text-italic\">Geschenk<\/span>\u00a0ein gl\u00e4sernes Gef\u00e4\u00df, in dem sich ein befeuchtetes und mit r\u00e4tselhaften Ziffern beschriftetes Seidentuch befindet.<\/p>\n<p>Als die renommierte Psychologin Frieda Rubens zu den Ermittlungen st\u00f6\u00dft, um ein T\u00e4terprofil zu erstellen, ereignet sich ein weiterer Mord nach gleichem Schema. Auch hier hat der T\u00e4ter die Haut seines weiblichen Opfers an zahlreichen K\u00f6rperstellen eingeritzt und die Leiche zusammen mit seinem\u00a0<span class=\"a-text-italic\">Geschenk<\/span>\u00a0im Wald drapiert.<\/p>\n<p>Wittmanns Team muss sich wohl oder \u00fcbel eingestehen, dass ein Serienm\u00f6rder sein Unwesen treibt &#8211; ein Killer mit einer kranken Obsession f\u00fcr D\u00fcfte \u2026<\/p>\n<p><strong>\u23f0 Timing\/Deadline:<\/strong><strong><br \/>\n<\/strong><\/p>\n<p>Bitte ver\u00f6ffentlicht eure Rezension&#8230;<\/p>\n<ul>\n<li>zuerst als Bewertung hier im Vorableser-Club (sobald ihr das Buch beendet habt)<\/li>\n<li>anschlie\u00dfend in Communities, Social Media und auf Verkaufsplattformen (z.B. Amazon)\n<ul>\n<li>fr\u00fchestens am V\u00d6-Tag (05.05.2022)<\/li>\n<li>sp\u00e4testens eine Woche nach V\u00d6 (12.05.2022)<\/li>\n<\/ul>\n<\/li>\n<\/ul>\n<p><!-- <strong>\ud83d\udcf8 Futter f\u00fcr eure Social Media Kan\u00e4le<\/strong>\nIn unserer Bildergalerie (siehe oben) haben wir verschiedene Promo-Grafiken (z.B. Schnipsel) bereitgestellt, die ihr gern auf euren Blogs und Social Media Kan\u00e4len teilen\/nutzen d\u00fcrft. Bedient euch! --><\/p>\n<p><strong>\ud83d\udcf8 Futter f\u00fcr eure Social Media Kan\u00e4le<\/strong><br \/>\nIn unserer Bildergalerie (siehe oben) haben wir verschiedene Promo-Grafiken bereitgestellt, die ihr gern auf euren Blogs und Social Media Kan\u00e4len teilen\/nutzen d\u00fcrft. Bedient euch!<\/p>\n<p><strong>\ud83d\udcac Tauscht euch mit der Autorin aus!<br \/>\n<\/strong><a href=\"https:\/\/www.facebook.com\/groups\/VorableserclubFWV\">In unserer Facebook-Gruppe<\/a>\u00a0k\u00f6nnt ihr euch mit anderen VorableserInnen \u00fcber Handlung und Hintergr\u00fcnde austauschen.<\/p>\n<p>Die Teilnahme am Austausch in der Gruppe ist nat\u00fcrlich freiwillig, aber wir freuen uns, wenn ihr dabei seid! <em>Noch kein Mitglied der Facebook-Gruppe?<\/em> <a href=\"https:\/\/www.facebook.com\/groups\/VorableserclubFWV\">Jetzt beitreten!<\/a><\/p>\n","protected":false},"excerpt":{"rendered":"<p><i><b>Nur wenn sie leiden, kann er sie erl\u00f6sen!<\/b><\/i><\/p>\n<p><strong><span style=\"color: #ff6600;\"><em>Diese Vorablese-Aktion ist bereits beendet. Der Download des eBooks steht nicht mehr zur Verf\u00fcgung. Wenn du dich f\u00fcr den Titel interessierst, <a href=\"https:\/\/www.amazon.de\/Riechst-ihre-Angst-Gunnar-Schwarz-ebook\/dp\/B09X621L2Z\">findest du ihn bei Amazon<\/a>.<\/em><\/span><\/strong><\/p>\n","protected":false},"featured_media":1561,"comment_status":"open","ping_status":"closed","template":"","meta":[],"product_cat":[22],"product_tag":[],"_links":{"self":[{"href":"https:\/\/www.feuerwerkeverlag.de\/vorableser\/wp-json\/wp\/v2\/product\/1560"}],"collection":[{"href":"https:\/\/www.feuerwerkeverlag.de\/vorableser\/wp-json\/wp\/v2\/product"}],"about":[{"href":"https:\/\/www.feuerwerkeverlag.de\/vorableser\/wp-json\/wp\/v2\/types\/product"}],"replies":[{"embeddable":true,"href":"https:\/\/www.feuerwerkeverlag.de\/vorableser\/wp-json\/wp\/v2\/comments?post=1560"}],"wp:featuredmedia":[{"embeddable":true,"href":"https:\/\/www.feuerwerkeverlag.de\/vorableser\/wp-json\/wp\/v2\/media\/1561"}],"wp:attachment":[{"href":"https:\/\/www.feuerwerkeverlag.de\/vorableser\/wp-json\/wp\/v2\/media?parent=1560"}],"wp:term":[{"taxonomy":"product_cat","embeddable":true,"href":"https:\/\/www.feuerwerkeverlag.de\/vorableser\/wp-json\/wp\/v2\/product_cat?post=1560"},{"taxonomy":"product_tag","embeddable":true,"href":"https:\/\/www.feuerwerkeverlag.de\/vorableser\/wp-json\/wp\/v2\/product_tag?post=1560"}],"curies":[{"name":"wp","href":"https:\/\/api.w.org\/{rel}","templated":true}]}}