{"id":1202,"date":"2022-01-06T11:59:43","date_gmt":"2022-01-06T11:59:43","guid":{"rendered":"https:\/\/www.feuerwerkeverlag.de\/vorableser\/?post_type=product&#038;p=1202"},"modified":"2022-08-17T08:16:26","modified_gmt":"2022-08-17T08:16:26","slug":"die-rettung-royal-vampires-5","status":"publish","type":"product","link":"https:\/\/www.feuerwerkeverlag.de\/vorableser\/produkt\/die-rettung-royal-vampires-5\/","title":{"rendered":"Die Rettung (Royal Vampires 5)"},"content":{"rendered":"<p><strong>\ud83d\udcd6 Kurzinhalt:<br \/>\n<\/strong>Fast ein Jahr ist seit der Rebellion vergangen, und die Menschen haben sich aus der Versklavung durch die Vampire befreit.\u00a0Jackhat die Palaststadt verlassen, um fernab von Zuhause, in den Randgebieten, daf\u00fcr zu sorgen, dass die neuen Gesetze eingehalten werden. Doch ihn qu\u00e4len die Trauer um die Opfer der Rebellion und die dunklen Erinnerungen an die brutalen Auseinandersetzungen.<\/p>\n<p>Da begegnet er\u00a0Hannah, die die kleine Stadt Chippman noch niemals verlassen hat. Als Jack in ihr Leben tritt, verkehrt sich ihre Welt. Sie ist \u00fcberzeugt davon, dass er sich von ihr abwenden wird, sobald er ihr Geheimnis erf\u00e4hrt, und so k\u00e4mpft Hannah gegen ihre wachsenden Gef\u00fchle f\u00fcr ihn an.<\/p>\n<p>Doch in Chippman ist nichts so wie es scheint, die Bewohner haben Geheimnisse und bringen gro\u00dfe Opfer, damit diese verborgen bleiben &#8211; Geheimnisse, die den Ort dazu zwingen, unter der Herrschaft eines skrupellosen Vampirs zu leben, dessen Ziel es ist, Jack und Hannah f\u00fcr immer auseinanderzurei\u00dfen.<\/p>\n<p><strong>\u23f0 Timing\/Deadline:<\/strong><strong><br \/>\n<\/strong><\/p>\n<p>Bitte ver\u00f6ffentlicht eure Rezension&#8230;<\/p>\n<ul>\n<li>zuerst als Bewertung hier im Vorableser-Club (sobald ihr das Buch beendet habt)<\/li>\n<li>anschlie\u00dfend in Communities, Social Media und auf Verkaufsplattformen (z.B. Amazon)\n<ul>\n<li>fr\u00fchestens am V\u00d6-Tag (27.01.2022)<\/li>\n<li>sp\u00e4testens eine Woche nach V\u00d6 (03.02.2022)<\/li>\n<\/ul>\n<\/li>\n<\/ul>\n<p><!-- <strong>\ud83d\udcf8 Futter f\u00fcr eure Social Media Kan\u00e4le<\/strong>\nIn unserer Bildergalerie (siehe oben) haben wir verschiedene Promo-Grafiken (z.B. Schnipsel) bereitgestellt, die ihr gern auf euren Blogs und Social Media Kan\u00e4len teilen\/nutzen d\u00fcrft. Bedient euch! --><\/p>\n<p><strong>\ud83d\udcf8 Futter f\u00fcr eure Social Media Kan\u00e4le<\/strong><br \/>\nIn unserer Bildergalerie (siehe oben) haben wir verschiedene Promo-Grafiken bereitgestellt, die ihr gern auf euren Blogs und Social Media Kan\u00e4len teilen\/nutzen d\u00fcrft. Bedient euch!<\/p>\n<p><strong>\ud83d\udcac Tauscht euch mit der Autorin aus!<br \/>\n<\/strong><a href=\"https:\/\/www.facebook.com\/groups\/VorableserclubFWV\">In unserer Facebook-Gruppe<\/a>\u00a0k\u00f6nnt ihr euch mit anderen VorableserInnen \u00fcber Handlung und Hintergr\u00fcnde austauschen.<\/p>\n<p>Die Teilnahme am Austausch in der Gruppe ist nat\u00fcrlich freiwillig, aber wir freuen uns, wenn ihr dabei seid! <em>Noch kein Mitglied der Facebook-Gruppe?<\/em> <a href=\"https:\/\/www.facebook.com\/groups\/VorableserclubFWV\">Jetzt beitreten!<\/a><\/p>\n","protected":false},"excerpt":{"rendered":"<p><b><i>Der 5. Band der US-Bestsellerserie.<\/i><\/b><\/p>\n<p><strong><span style=\"color: #ff6600;\"><em>Diese Vorablese-Aktion ist bereits beendet. Der Download des eBooks steht nicht mehr zur Verf\u00fcgung. Wenn du dich f\u00fcr den Titel interessierst, <a href=\"https:\/\/www.amazon.de\/Die-Rettung-Royal-Vampires-5-ebook\/dp\/B09NYCWDVD\">findest du ihn bei Amazon<\/a>.<\/em><\/span><\/strong><\/p>\n","protected":false},"featured_media":1206,"comment_status":"open","ping_status":"closed","template":"","meta":[],"product_cat":[21],"product_tag":[],"_links":{"self":[{"href":"https:\/\/www.feuerwerkeverlag.de\/vorableser\/wp-json\/wp\/v2\/product\/1202"}],"collection":[{"href":"https:\/\/www.feuerwerkeverlag.de\/vorableser\/wp-json\/wp\/v2\/product"}],"about":[{"href":"https:\/\/www.feuerwerkeverlag.de\/vorableser\/wp-json\/wp\/v2\/types\/product"}],"replies":[{"embeddable":true,"href":"https:\/\/www.feuerwerkeverlag.de\/vorableser\/wp-json\/wp\/v2\/comments?post=1202"}],"wp:featuredmedia":[{"embeddable":true,"href":"https:\/\/www.feuerwerkeverlag.de\/vorableser\/wp-json\/wp\/v2\/media\/1206"}],"wp:attachment":[{"href":"https:\/\/www.feuerwerkeverlag.de\/vorableser\/wp-json\/wp\/v2\/media?parent=1202"}],"wp:term":[{"taxonomy":"product_cat","embeddable":true,"href":"https:\/\/www.feuerwerkeverlag.de\/vorableser\/wp-json\/wp\/v2\/product_cat?post=1202"},{"taxonomy":"product_tag","embeddable":true,"href":"https:\/\/www.feuerwerkeverlag.de\/vorableser\/wp-json\/wp\/v2\/product_tag?post=1202"}],"curies":[{"name":"wp","href":"https:\/\/api.w.org\/{rel}","templated":true}]}}