{"id":85,"date":"2020-12-09T09:02:50","date_gmt":"2020-12-09T09:02:50","guid":{"rendered":"https:\/\/feuerwerkeverlag.de\/vorableser\/?page_id=85"},"modified":"2021-01-20T09:47:58","modified_gmt":"2021-01-20T09:47:58","slug":"faq","status":"publish","type":"page","link":"https:\/\/www.feuerwerkeverlag.de\/vorableser\/faq\/","title":{"rendered":"FAQ"},"content":{"rendered":"\n<p><strong>Hier findest du Antworten auf h\u00e4ufig gestellte Fragen.<\/strong><br><br>Sollte deine Frage hier nicht beantwortet werden, schreib uns gern eine Mail an <a rel=\"noreferrer noopener\" href=\"mailto:marketing@feuerwerkeverlag.de\" target=\"_blank\">marketing@feuerwerkeverlag.de<\/a>.<\/p>\n\n\n\n<hr class=\"wp-block-separator\"\/>\n\n\n\n<p><strong><em>Was ist der FeuerWerke Vorableser-Club?<\/em><\/strong><br>Im Vorableser-Club stellt der FeuerWerke Verlag registrierten Buchbloggern und -Rezensenten alle Neuerscheinungen kostenfrei zur Verf\u00fcgung. Im Gegenzug f\u00fcr die kostenlosen  eBook-Downloads erwarten wir die Ver\u00f6ffentlichung von Rezensionen zum jeweiligen Titel.<\/p>\n\n\n\n<p><strong><em>Ist die Mitgliedschaft im Vorableser-Club kostenpflichtig?<\/em><\/strong><br>Nein. Die Mitgliedschaft im Vorableser-Club ist zu 100% kostenlos.<\/p>\n\n\n\n<p><strong><em>Wie werde ich Mitglieder im FeuerWerke Vorableser-Club?<\/em><\/strong><br>Alles Leser, die regelm\u00e4\u00dfig B\u00fccher rezensieren k\u00f6nnen sich <a href=\"https:\/\/feuerwerkeverlag.de\/vorableser\/registrierung\/\">hier als Mitglied registrieren<\/a>.<\/p>\n\n\n\n<p><strong><em>Was sind die Bedingungen f\u00fcr eine Mitgliedschaft im Vorableser-Club?<\/em><\/strong><br>Insbesondere eine regelm\u00e4\u00dfige Aktivit\u00e4t als Buch-Rezensent\/in. Bei der Registrierung fragen wir ab, auf welchen Kan\u00e4len du aktiv bist und pr\u00fcfen deine Angaben, bevor dein Club-Profil freigeschaltet wird. F\u00fcr jeden Gratis-Download eines eBooks erwarten wir im Gegenzug eine Rezension des jeweiligen Buchs von dir.<\/p>\n\n\n\n<p><strong><em>Wie erfahre ich, dass ein neuer Titel zum Vorablesen bereitsteht?<\/em><\/strong><br>Wir informieren alle registrierten Mitglieder per E-Mail \u00fcber den Start neuer Vorablese-Aktionen. <\/p>\n\n\n\n<p><strong><em>Wie kann ich ein eBook zum Vorablesen herunterladen?<\/em><\/strong><br>Auf den Detailseiten unserer B\u00fccher <a href=\"https:\/\/feuerwerkeverlag.de\/vorableser\/aktionsuebersicht\/\">(klicke hier auf einen Titel deiner Wahl)<\/a> findest du einen Bereich f\u00fcr den Download der verschiedenen eBook-Formaten (PDF, MOBI, EPUB). W\u00e4hle ein Format deiner Wahl aus und klicke anschlie\u00dfend auf den Button &#8222;eBook herunterladen&#8220;. Bitte beachte: Die Download-Funktion steht nur eingeloggten Mitgliedern zur Verf\u00fcgung. Bist du nicht eingeloggt, kannst du dich <a href=\"https:\/\/feuerwerkeverlag.de\/vorableser\/mein-club-profil\/\">hier in dein Profil einloggen<\/a>. Hast du noch kein Profil im Vorableser-Club, kannst du dich <a href=\"https:\/\/feuerwerkeverlag.de\/vorableser\/registrierung\/\">hier registrieren<\/a>.<\/p>\n\n\n\n<p><strong><em>Was ist zu tun, wenn ich ein Buch beendet habe? <\/em><\/strong><br>Bitte verfasse eine Rezension und ver\u00f6ffentliche sie als Bewertung auf unserer Detailseite zum jeweiligen Buch. Anschlie\u00dfend verteile sie bitte \u00fcberall, wo du magst &#8211; auf Verkaufsplattformen (z.B. Amazon, Thalia), in Buch-Communities (z.B. Lovelybooks, Vorablesen) und auf deinen Social Media Kan\u00e4len (z.B. Blog, Instagram, Facebook). Wir gehen davon aus, dass du deine Rezension auf allen Kan\u00e4len ver\u00f6ffentlichst, die du in deinem Profil angegeben hast. <\/p>\n\n\n\n<p><strong><em>Gibt es eine zeitliche Vorgabe f\u00fcr die Beendung eines Buches? <\/em><\/strong><br>Auf den Detailseiten unserer B\u00fccher <a href=\"https:\/\/feuerwerkeverlag.de\/vorableser\/aktionsuebersicht\/\">(klicke hier auf einen Titel deiner Wahl)<\/a> findest du unter der \u00dcberschrift &#8222;Timing\/Deadline&#8220; alle zeitlichen Vorgaben f\u00fcr die jeweilige Aktion.<\/p>\n\n\n\n<p><strong><em>Kann ich mein Club-Profil bearbeiten, um bspw. einen neuen Kanal hinzuzuf\u00fcgen? <\/em><\/strong><br>Kein Problem, das ist jederzeit m\u00f6glich. Klicke daf\u00fcr einfach in der Navigation auf <a href=\"https:\/\/feuerwerkeverlag.de\/vorableser\/mein-club-profil\/\">&#8222;Mein Club-Profil&#8220;<\/a> und anschlie\u00dfend auf <a href=\"https:\/\/feuerwerkeverlag.de\/vorableser\/mein-club-profil\/edit-profile\/\">&#8222;Edit Profile&#8220;<\/a>.<\/p>\n\n\n\n<p><strong><em>Wie kann ich aus dem Vorableser-Club austreten?<\/em><\/strong><br>M\u00f6chtest du wirklich austreten? Das ist sehr schade. Wir sind offen f\u00fcr Kritik und \u00c4nderungsw\u00fcnsche &#8211; vielleicht finden wir gemeinsam einen L\u00f6sungsweg! \ud83d\ude0a<br><br>Solltest du deine Mitgliedschaft dennoch beenden wollen, ist das nat\u00fcrlich kein Problem: Schicke uns einfach eine kurze Mail an marketing@feuerwerkeverlag.de und wir l\u00f6schen dein Club-Profil.  <\/p>\n","protected":false},"excerpt":{"rendered":"<p>Hier findest du Antworten auf h\u00e4ufig gestellte Fragen. Sollte deine Frage hier nicht beantwortet werden, schreib uns gern eine Mail an marketing@feuerwerkeverlag.de. Was ist der FeuerWerke Vorableser-Club?Im Vorableser-Club stellt der FeuerWerke Verlag registrierten Buchbloggern und -Rezensenten alle Neuerscheinungen kostenfrei zur Verf\u00fcgung. Im Gegenzug f\u00fcr die kostenlosen eBook-Downloads erwarten wir die Ver\u00f6ffentlichung von Rezensionen zum jeweiligen&#x2026; <\/p>\n<p class=\"more-link-container wp-block-button is-style-outline\"><a href=\"https:\/\/www.feuerwerkeverlag.de\/vorableser\/faq\/\" class=\"more-link wp-block-button__link has-small-font-size\">Continue reading <span class=\"screen-reader-text\">FAQ<\/span><\/a><\/p>\n","protected":false},"author":1,"featured_media":0,"parent":0,"menu_order":0,"comment_status":"closed","ping_status":"closed","template":"","meta":[],"_links":{"self":[{"href":"https:\/\/www.feuerwerkeverlag.de\/vorableser\/wp-json\/wp\/v2\/pages\/85"}],"collection":[{"href":"https:\/\/www.feuerwerkeverlag.de\/vorableser\/wp-json\/wp\/v2\/pages"}],"about":[{"href":"https:\/\/www.feuerwerkeverlag.de\/vorableser\/wp-json\/wp\/v2\/types\/page"}],"author":[{"embeddable":true,"href":"https:\/\/www.feuerwerkeverlag.de\/vorableser\/wp-json\/wp\/v2\/users\/1"}],"replies":[{"embeddable":true,"href":"https:\/\/www.feuerwerkeverlag.de\/vorableser\/wp-json\/wp\/v2\/comments?post=85"}],"version-history":[{"count":10,"href":"https:\/\/www.feuerwerkeverlag.de\/vorableser\/wp-json\/wp\/v2\/pages\/85\/revisions"}],"predecessor-version":[{"id":241,"href":"https:\/\/www.feuerwerkeverlag.de\/vorableser\/wp-json\/wp\/v2\/pages\/85\/revisions\/241"}],"wp:attachment":[{"href":"https:\/\/www.feuerwerkeverlag.de\/vorableser\/wp-json\/wp\/v2\/media?parent=85"}],"curies":[{"name":"wp","href":"https:\/\/api.w.org\/{rel}","templated":true}]}}