{"id":19,"date":"2020-12-02T12:02:11","date_gmt":"2020-12-02T12:02:11","guid":{"rendered":"https:\/\/feuerwerkeverlag.de\/vorableser\/?page_id=19"},"modified":"2021-03-10T14:02:18","modified_gmt":"2021-03-10T14:02:18","slug":"home","status":"publish","type":"page","link":"https:\/\/www.feuerwerkeverlag.de\/vorableser\/","title":{"rendered":"Herzlich Willkommen"},"content":{"rendered":"\n<h2 class=\"has-text-align-center\">Willkommen im Vorableser-Club &#8211; so funktioniert&#8217;s:<\/h2>\n\n\n\n<div class=\"is-layout-flow wp-block-group\"><div class=\"wp-block-group__inner-container\">\n<div class=\"is-layout-flex wp-container-4 wp-block-columns\">\n<div class=\"is-layout-flow wp-block-column\">\n<h3 class=\"has-text-color\" style=\"color:#e74c3d\">1) Werde Mitglied! \u2705<\/h3>\n\n\n\n<p><a href=\"https:\/\/www.feuerwerkeverlag.de\/vorableser\/registrierung\/\">Registriere dich<\/a> mit deinem pers\u00f6nlichen Profil in unserem exklusiven Vorableser-Club.<\/p>\n<\/div>\n\n\n\n<div class=\"is-layout-flow wp-block-column\">\n<h3 class=\"has-text-color\" style=\"color:#e74c3d\">2) Lies exklusiv vor Release! \ud83d\udcda<\/h3>\n\n\n\n<p>Lade eBooks kostenlos herunter und erlebe unsere &#8222;FeuerWerke&#8220; schon vor Release.<\/p>\n<\/div>\n\n\n\n<div class=\"is-layout-flow wp-block-column\">\n<h3 class=\"has-text-color\" style=\"color:#e74c3d\">3) Rezensiere! \u2b50<\/h3>\n\n\n\n<p>Bewerte die gelesenen B\u00fccher  im Vorableser-Club und teile auf all&#8216; deinen Kan\u00e4len. <\/p>\n<\/div>\n<\/div>\n\n\n\n<div style=\"height:30px\" aria-hidden=\"true\" class=\"wp-block-spacer\"><\/div>\n\n\n\n<p class=\"has-text-align-center\"><strong>Du m\u00f6chtest genauer erfahren, wie der Vorableserclub funktioniert?<\/strong><br>In unseren FAQ (h\u00e4ufig gestellte Fragen) kannst du alles nachlesen:<\/p>\n\n\n\n<div class=\"is-layout-flex wp-block-buttons aligncenter\">\n<div class=\"wp-block-button\"><a class=\"wp-block-button__link\" href=\"https:\/\/feuerwerkeverlag.de\/vorableser\/faq\/\">zu den FAQ<\/a><\/div>\n<\/div>\n\n\n\n<hr class=\"wp-block-separator\"\/>\n<\/div><\/div>\n\n\n\n<h2>VORABLESE-AKTIONEN:<\/h2>\n\n\n<div data-block-name=\"woocommerce\/product-new\" data-rows=\"1\" data-content-visibility=\"{&quot;title&quot;:true,&quot;price&quot;:false,&quot;rating&quot;:true,&quot;button&quot;:true}\" class=\"wc-block-grid wp-block-product-new wc-block-product-new has-3-columns\"><ul class=\"wc-block-grid__products\"><li class=\"wc-block-grid__product\">\n\t\t\t\t<a href=\"https:\/\/www.feuerwerkeverlag.de\/vorableser\/produkt\/nordostzorn\/\" class=\"wc-block-grid__product-link\">\n\t\t\t\t\t<div class=\"wc-block-grid__product-image\"><img width=\"395\" height=\"635\" src=\"https:\/\/www.feuerwerkeverlag.de\/vorableser\/wp-content\/uploads\/2026\/04\/cover_nordostzorn_kl.jpg\" class=\"attachment-woocommerce_thumbnail size-woocommerce_thumbnail\" alt=\"NordOstZorn\" decoding=\"async\" loading=\"lazy\" srcset=\"https:\/\/www.feuerwerkeverlag.de\/vorableser\/wp-content\/uploads\/2026\/04\/cover_nordostzorn_kl.jpg 395w, https:\/\/www.feuerwerkeverlag.de\/vorableser\/wp-content\/uploads\/2026\/04\/cover_nordostzorn_kl-187x300.jpg 187w\" sizes=\"(max-width: 395px) 100vw, 395px\" \/><\/div>\n\t\t\t\t\t<div class=\"wc-block-grid__product-title\">NordOstZorn<\/div>\n\t\t\t\t<\/a>\n\t\t\t\t\n\t\t\t\t\n\t\t\t\t<div class=\"wc-block-grid__product-rating\"><div class=\"star-rating\" role=\"img\" aria-label=\"Bewertet mit 4.67 von 5\"><span style=\"width:93.4%\">Bewertet mit <strong class=\"rating\">4.67<\/strong> von 5, basierend auf <span class=\"rating\">3<\/span> Kundenbewertungen<\/span><\/div><\/div>\n\t\t\t\t<div class=\"wp-block-button wc-block-grid__product-add-to-cart\"><a href=\"https:\/\/www.feuerwerkeverlag.de\/vorableser\/produkt\/nordostzorn\/\" aria-label=\"Lese mehr \u00fcber &#8222;NordOstZorn&#8220;\" data-quantity=\"1\" data-product_id=\"8698\" data-product_sku=\"\" rel=\"nofollow\" class=\"wp-block-button__link  add_to_cart_button\">Weiterlesen<\/a><\/div>\n\t\t\t<\/li><li class=\"wc-block-grid__product\">\n\t\t\t\t<a href=\"https:\/\/www.feuerwerkeverlag.de\/vorableser\/produkt\/meerzeitliebe\/\" class=\"wc-block-grid__product-link\">\n\t\t\t\t\t<div class=\"wc-block-grid__product-image\"><img width=\"395\" height=\"635\" src=\"https:\/\/www.feuerwerkeverlag.de\/vorableser\/wp-content\/uploads\/2026\/03\/cover_meerzeitliebe_kl.jpg\" class=\"attachment-woocommerce_thumbnail size-woocommerce_thumbnail\" alt=\"MeerZeitLiebe\" decoding=\"async\" loading=\"lazy\" srcset=\"https:\/\/www.feuerwerkeverlag.de\/vorableser\/wp-content\/uploads\/2026\/03\/cover_meerzeitliebe_kl.jpg 395w, https:\/\/www.feuerwerkeverlag.de\/vorableser\/wp-content\/uploads\/2026\/03\/cover_meerzeitliebe_kl-187x300.jpg 187w\" sizes=\"(max-width: 395px) 100vw, 395px\" \/><\/div>\n\t\t\t\t\t<div class=\"wc-block-grid__product-title\">MeerZeitLiebe<\/div>\n\t\t\t\t<\/a>\n\t\t\t\t\n\t\t\t\t\n\t\t\t\t<div class=\"wc-block-grid__product-rating\"><div class=\"star-rating\" role=\"img\" aria-label=\"Bewertet mit 4.83 von 5\"><span style=\"width:96.6%\">Bewertet mit <strong class=\"rating\">4.83<\/strong> von 5, basierend auf <span class=\"rating\">6<\/span> Kundenbewertungen<\/span><\/div><\/div>\n\t\t\t\t<div class=\"wp-block-button wc-block-grid__product-add-to-cart\"><a href=\"https:\/\/www.feuerwerkeverlag.de\/vorableser\/produkt\/meerzeitliebe\/\" aria-label=\"Lese mehr \u00fcber &#8222;MeerZeitLiebe&#8220;\" data-quantity=\"1\" data-product_id=\"8638\" data-product_sku=\"\" rel=\"nofollow\" class=\"wp-block-button__link  add_to_cart_button\">Weiterlesen<\/a><\/div>\n\t\t\t<\/li><li class=\"wc-block-grid__product\">\n\t\t\t\t<a href=\"https:\/\/www.feuerwerkeverlag.de\/vorableser\/produkt\/schwedenschuld\/\" class=\"wc-block-grid__product-link\">\n\t\t\t\t\t<div class=\"wc-block-grid__product-image\"><img width=\"395\" height=\"635\" src=\"https:\/\/www.feuerwerkeverlag.de\/vorableser\/wp-content\/uploads\/2026\/03\/cover_schwedenschuld_kl.jpg\" class=\"attachment-woocommerce_thumbnail size-woocommerce_thumbnail\" alt=\"SchwedenSchuld\" decoding=\"async\" loading=\"lazy\" srcset=\"https:\/\/www.feuerwerkeverlag.de\/vorableser\/wp-content\/uploads\/2026\/03\/cover_schwedenschuld_kl.jpg 395w, https:\/\/www.feuerwerkeverlag.de\/vorableser\/wp-content\/uploads\/2026\/03\/cover_schwedenschuld_kl-187x300.jpg 187w\" sizes=\"(max-width: 395px) 100vw, 395px\" \/><\/div>\n\t\t\t\t\t<div class=\"wc-block-grid__product-title\">SchwedenSchuld<\/div>\n\t\t\t\t<\/a>\n\t\t\t\t\n\t\t\t\t\n\t\t\t\t<div class=\"wc-block-grid__product-rating\"><div class=\"star-rating\" role=\"img\" aria-label=\"Bewertet mit 4.64 von 5\"><span style=\"width:92.8%\">Bewertet mit <strong class=\"rating\">4.64<\/strong> von 5, basierend auf <span class=\"rating\">11<\/span> Kundenbewertungen<\/span><\/div><\/div>\n\t\t\t\t<div class=\"wp-block-button wc-block-grid__product-add-to-cart\"><a href=\"https:\/\/www.feuerwerkeverlag.de\/vorableser\/produkt\/schwedenschuld\/\" aria-label=\"Lese mehr \u00fcber &#8222;SchwedenSchuld&#8220;\" data-quantity=\"1\" data-product_id=\"8578\" data-product_sku=\"\" rel=\"nofollow\" class=\"wp-block-button__link  add_to_cart_button\">Weiterlesen<\/a><\/div>\n\t\t\t<\/li><\/ul><\/div>\n\n\n<div class=\"is-layout-flex wp-block-buttons aligncenter\">\n<div class=\"wp-block-button\"><a class=\"wp-block-button__link has-background\" href=\"https:\/\/feuerwerkeverlag.de\/vorableser\/aktionsuebersicht\/\" style=\"background-color:#e74c3d\" rel=\"https:\/\/feuerwerkeverlag.de\/vorableser\/uebersicht\"><strong>Zur Aktions\u00fcbersicht<\/strong><\/a><\/div>\n<\/div>\n\n\n\n<p><\/p>\n\n\n\n<h2>LETZTE REZENSIONEN:<\/h2>\n\n\n<div data-block-name=\"woocommerce\/all-reviews\" data-image-type=\"product\" data-reviews-on-load-more=\"4\" data-reviews-on-page-load=\"4\" data-show-review-date=\"false\" data-show-review-image=\"false\" class=\"wp-block-woocommerce-all-reviews wc-block-all-reviews has-name has-rating has-content has-product-name\" data-image-type=\"product\" data-orderby=\"most-recent\" data-reviews-on-page-load=\"4\" data-reviews-on-load-more=\"4\" data-show-load-more=\"true\" data-show-orderby=\"true\"><\/div>","protected":false},"excerpt":{"rendered":"<p>Willkommen im Vorableser-Club &#8211; so funktioniert&#8217;s: 1) Werde Mitglied! \u2705 Registriere dich mit deinem pers\u00f6nlichen Profil in unserem exklusiven Vorableser-Club. 2) Lies exklusiv vor Release! \ud83d\udcda Lade eBooks kostenlos herunter und erlebe unsere &#8222;FeuerWerke&#8220; schon vor Release. 3) Rezensiere! \u2b50 Bewerte die gelesenen B\u00fccher im Vorableser-Club und teile auf all&#8216; deinen Kan\u00e4len. Du m\u00f6chtest genauer&#x2026; <\/p>\n<p class=\"more-link-container wp-block-button is-style-outline\"><a href=\"https:\/\/www.feuerwerkeverlag.de\/vorableser\/\" class=\"more-link wp-block-button__link has-small-font-size\">Continue reading <span class=\"screen-reader-text\">Herzlich Willkommen<\/span><\/a><\/p>\n","protected":false},"author":1,"featured_media":0,"parent":0,"menu_order":0,"comment_status":"closed","ping_status":"closed","template":"","meta":[],"_links":{"self":[{"href":"https:\/\/www.feuerwerkeverlag.de\/vorableser\/wp-json\/wp\/v2\/pages\/19"}],"collection":[{"href":"https:\/\/www.feuerwerkeverlag.de\/vorableser\/wp-json\/wp\/v2\/pages"}],"about":[{"href":"https:\/\/www.feuerwerkeverlag.de\/vorableser\/wp-json\/wp\/v2\/types\/page"}],"author":[{"embeddable":true,"href":"https:\/\/www.feuerwerkeverlag.de\/vorableser\/wp-json\/wp\/v2\/users\/1"}],"replies":[{"embeddable":true,"href":"https:\/\/www.feuerwerkeverlag.de\/vorableser\/wp-json\/wp\/v2\/comments?post=19"}],"version-history":[{"count":66,"href":"https:\/\/www.feuerwerkeverlag.de\/vorableser\/wp-json\/wp\/v2\/pages\/19\/revisions"}],"predecessor-version":[{"id":397,"href":"https:\/\/www.feuerwerkeverlag.de\/vorableser\/wp-json\/wp\/v2\/pages\/19\/revisions\/397"}],"wp:attachment":[{"href":"https:\/\/www.feuerwerkeverlag.de\/vorableser\/wp-json\/wp\/v2\/media?parent=19"}],"curies":[{"name":"wp","href":"https:\/\/api.w.org\/{rel}","templated":true}]}}